{"id":4048,"date":"2025-03-08T21:54:20","date_gmt":"2025-03-08T20:54:20","guid":{"rendered":"https:\/\/balanceyourlife.hu\/?page_id=4048"},"modified":"2025-03-08T22:10:52","modified_gmt":"2025-03-08T21:10:52","slug":"egeszsegtervezokapcsolatfelvetel","status":"publish","type":"page","link":"https:\/\/balanceyourlife.hu\/en\/egeszsegtervezokapcsolatfelvetel\/","title":{"rendered":"Eg\u00e9szs\u00e9gtervez\u0151 kapcsolatfelv\u00e9tel"},"content":{"rendered":"<div data-elementor-type=\"wp-page\" data-elementor-id=\"4048\" class=\"elementor elementor-4048\" data-elementor-post-type=\"page\">\n\t\t\t\t<div class=\"elementor-element elementor-element-efd81cf e-flex e-con-boxed e-con e-parent\" data-id=\"efd81cf\" data-element_type=\"container\" data-e-type=\"container\" data-settings=\"{&quot;background_background&quot;:&quot;classic&quot;}\">\n\t\t\t\t\t<div class=\"e-con-inner\">\n\t\t\t\t<div class=\"elementor-element elementor-element-b7f4769 elementor-widget elementor-widget-heading\" data-id=\"b7f4769\" data-element_type=\"widget\" data-e-type=\"widget\" data-widget_type=\"heading.default\">\n\t\t\t\t<div class=\"elementor-widget-container\">\n\t\t\t\t\t<h2 class=\"elementor-heading-title elementor-size-default\">Have a question?<\/h2>\t\t\t\t<\/div>\n\t\t\t\t<\/div>\n\t\t\t\t<div class=\"elementor-element elementor-element-66f2d4b elementor-widget elementor-widget-heading\" data-id=\"66f2d4b\" data-element_type=\"widget\" data-e-type=\"widget\" data-widget_type=\"heading.default\">\n\t\t\t\t<div class=\"elementor-widget-container\">\n\t\t\t\t\t<h2 class=\"elementor-heading-title elementor-size-default\">Contact us right below in the chat window!<\/h2>\t\t\t\t<\/div>\n\t\t\t\t<\/div>\n\t\t\t\t<div class=\"elementor-element elementor-element-3971fe0 elementor-widget elementor-widget-image\" data-id=\"3971fe0\" data-element_type=\"widget\" data-e-type=\"widget\" data-widget_type=\"image.default\">\n\t\t\t\t<div class=\"elementor-widget-container\">\n\t\t\t\t\t\t\t\t\t\t\t\t\t\t\t<img fetchpriority=\"high\" decoding=\"async\" width=\"300\" height=\"290\" src=\"https:\/\/balanceyourlife.hu\/wp-content\/uploads\/2025\/03\/egeszsegtervezo-300x290.png\" class=\"attachment-medium size-medium wp-image-4052\" alt=\"\" srcset=\"https:\/\/balanceyourlife.hu\/wp-content\/uploads\/2025\/03\/egeszsegtervezo-300x290.png 300w, https:\/\/balanceyourlife.hu\/wp-content\/uploads\/2025\/03\/egeszsegtervezo.png 686w\" sizes=\"(max-width: 300px) 100vw, 300px\" \/>\t\t\t\t\t\t\t\t\t\t\t\t\t\t\t<\/div>\n\t\t\t\t<\/div>\n\t\t\t\t<div class=\"elementor-element elementor-element-8d229d4 elementor-widget elementor-widget-html\" data-id=\"8d229d4\" data-element_type=\"widget\" data-e-type=\"widget\" data-widget_type=\"html.default\">\n\t\t\t\t<div class=\"elementor-widget-container\">\n\t\t\t\t\t<script \r\n  src=\"https:\/\/widgets.leadconnectorhq.com\/loader.js\"  \r\n  data-resources-url=\"https:\/\/widgets.leadconnectorhq.com\/chat-widget\/loader.js\" \r\n data-widget-id=\"67cca9301d699256171ea86c\"   > \r\n <\/script>\t\t\t\t<\/div>\n\t\t\t\t<\/div>\n\t\t\t\t\t<\/div>\n\t\t\t\t<\/div>\n\t\t\t\t<\/div>","protected":false},"excerpt":{"rendered":"<p>K\u00e9rd\u00e9sed van? \u00cdrj nek\u00fcnk jobb alul a chat ablakban!<\/p>","protected":false},"author":2,"featured_media":0,"parent":0,"menu_order":0,"comment_status":"closed","ping_status":"closed","template":"elementor_header_footer","meta":{"footnotes":""},"class_list":["post-4048","page","type-page","status-publish","hentry"],"acf":[],"yoast_head":"<!-- This site is optimized with the Yoast SEO Premium plugin v27.3 (Yoast SEO v27.3) - https:\/\/yoast.com\/product\/yoast-seo-premium-wordpress\/ -->\n<title>Eg\u00e9szs\u00e9gtervez\u0151 kapcsolatfelv\u00e9tel - Balance Your Life<\/title>\n<meta name=\"robots\" content=\"index, follow, max-snippet:-1, max-image-preview:large, max-video-preview:-1\" \/>\n<link rel=\"canonical\" href=\"https:\/\/balanceyourlife.hu\/en\/egeszsegtervezokapcsolatfelvetel\/\" \/>\n<meta property=\"og:locale\" content=\"en_US\" \/>\n<meta property=\"og:type\" content=\"article\" \/>\n<meta property=\"og:title\" content=\"Eg\u00e9szs\u00e9gtervez\u0151 kapcsolatfelv\u00e9tel\" \/>\n<meta property=\"og:description\" content=\"K\u00e9rd\u00e9sed van? \u00cdrj nek\u00fcnk jobb alul a chat ablakban!\" \/>\n<meta property=\"og:url\" content=\"https:\/\/balanceyourlife.hu\/en\/egeszsegtervezokapcsolatfelvetel\/\" \/>\n<meta property=\"og:site_name\" content=\"Balance Your Life\" \/>\n<meta property=\"article:modified_time\" content=\"2025-03-08T21:10:52+00:00\" \/>\n<meta property=\"og:image\" content=\"https:\/\/balanceyourlife.hu\/wp-content\/uploads\/2025\/03\/egeszsegtervezo-300x290.png\" \/>\n<meta name=\"twitter:card\" content=\"summary_large_image\" \/>\n<meta name=\"twitter:label1\" content=\"Est. reading time\" \/>\n\t<meta name=\"twitter:data1\" content=\"1 minute\" \/>\n<script type=\"application\/ld+json\" class=\"yoast-schema-graph\">{\"@context\":\"https:\\\/\\\/schema.org\",\"@graph\":[{\"@type\":\"WebPage\",\"@id\":\"https:\\\/\\\/balanceyourlife.hu\\\/egeszsegtervezokapcsolatfelvetel\\\/\",\"url\":\"https:\\\/\\\/balanceyourlife.hu\\\/egeszsegtervezokapcsolatfelvetel\\\/\",\"name\":\"Eg\u00e9szs\u00e9gtervez\u0151 kapcsolatfelv\u00e9tel - Balance Your Life\",\"isPartOf\":{\"@id\":\"https:\\\/\\\/balanceyourlife.hu\\\/#website\"},\"primaryImageOfPage\":{\"@id\":\"https:\\\/\\\/balanceyourlife.hu\\\/egeszsegtervezokapcsolatfelvetel\\\/#primaryimage\"},\"image\":{\"@id\":\"https:\\\/\\\/balanceyourlife.hu\\\/egeszsegtervezokapcsolatfelvetel\\\/#primaryimage\"},\"thumbnailUrl\":\"https:\\\/\\\/balanceyourlife.hu\\\/wp-content\\\/uploads\\\/2025\\\/03\\\/egeszsegtervezo-300x290.png\",\"datePublished\":\"2025-03-08T20:54:20+00:00\",\"dateModified\":\"2025-03-08T21:10:52+00:00\",\"breadcrumb\":{\"@id\":\"https:\\\/\\\/balanceyourlife.hu\\\/egeszsegtervezokapcsolatfelvetel\\\/#breadcrumb\"},\"inLanguage\":\"en-US\",\"potentialAction\":[{\"@type\":\"ReadAction\",\"target\":[\"https:\\\/\\\/balanceyourlife.hu\\\/egeszsegtervezokapcsolatfelvetel\\\/\"]}]},{\"@type\":\"ImageObject\",\"inLanguage\":\"en-US\",\"@id\":\"https:\\\/\\\/balanceyourlife.hu\\\/egeszsegtervezokapcsolatfelvetel\\\/#primaryimage\",\"url\":\"https:\\\/\\\/balanceyourlife.hu\\\/wp-content\\\/uploads\\\/2025\\\/03\\\/egeszsegtervezo-300x290.png\",\"contentUrl\":\"https:\\\/\\\/balanceyourlife.hu\\\/wp-content\\\/uploads\\\/2025\\\/03\\\/egeszsegtervezo-300x290.png\"},{\"@type\":\"BreadcrumbList\",\"@id\":\"https:\\\/\\\/balanceyourlife.hu\\\/egeszsegtervezokapcsolatfelvetel\\\/#breadcrumb\",\"itemListElement\":[{\"@type\":\"ListItem\",\"position\":1,\"name\":\"Kezd\u0151lap\",\"item\":\"https:\\\/\\\/balanceyourlife.hu\\\/\"},{\"@type\":\"ListItem\",\"position\":2,\"name\":\"Eg\u00e9szs\u00e9gtervez\u0151 kapcsolatfelv\u00e9tel\"}]},{\"@type\":\"WebSite\",\"@id\":\"https:\\\/\\\/balanceyourlife.hu\\\/#website\",\"url\":\"https:\\\/\\\/balanceyourlife.hu\\\/\",\"name\":\"Balance Your Life\",\"description\":\"Sud\u00e1r Beatrix - \u00c9letm\u00f3d manager\",\"potentialAction\":[{\"@type\":\"SearchAction\",\"target\":{\"@type\":\"EntryPoint\",\"urlTemplate\":\"https:\\\/\\\/balanceyourlife.hu\\\/?s={search_term_string}\"},\"query-input\":{\"@type\":\"PropertyValueSpecification\",\"valueRequired\":true,\"valueName\":\"search_term_string\"}}],\"inLanguage\":\"en-US\"}]}<\/script>\n<!-- \/ Yoast SEO Premium plugin. -->","yoast_head_json":{"title":"Eg\u00e9szs\u00e9gtervez\u0151 kapcsolatfelv\u00e9tel - Balance Your Life","robots":{"index":"index","follow":"follow","max-snippet":"max-snippet:-1","max-image-preview":"max-image-preview:large","max-video-preview":"max-video-preview:-1"},"canonical":"https:\/\/balanceyourlife.hu\/en\/egeszsegtervezokapcsolatfelvetel\/","og_locale":"en_US","og_type":"article","og_title":"Eg\u00e9szs\u00e9gtervez\u0151 kapcsolatfelv\u00e9tel","og_description":"K\u00e9rd\u00e9sed van? \u00cdrj nek\u00fcnk jobb alul a chat ablakban!","og_url":"https:\/\/balanceyourlife.hu\/en\/egeszsegtervezokapcsolatfelvetel\/","og_site_name":"Balance Your Life","article_modified_time":"2025-03-08T21:10:52+00:00","og_image":[{"url":"https:\/\/balanceyourlife.hu\/wp-content\/uploads\/2025\/03\/egeszsegtervezo-300x290.png","type":"","width":"","height":""}],"twitter_card":"summary_large_image","twitter_misc":{"Est. reading time":"1 minute"},"schema":{"@context":"https:\/\/schema.org","@graph":[{"@type":"WebPage","@id":"https:\/\/balanceyourlife.hu\/egeszsegtervezokapcsolatfelvetel\/","url":"https:\/\/balanceyourlife.hu\/egeszsegtervezokapcsolatfelvetel\/","name":"Eg\u00e9szs\u00e9gtervez\u0151 kapcsolatfelv\u00e9tel - Balance Your Life","isPartOf":{"@id":"https:\/\/balanceyourlife.hu\/#website"},"primaryImageOfPage":{"@id":"https:\/\/balanceyourlife.hu\/egeszsegtervezokapcsolatfelvetel\/#primaryimage"},"image":{"@id":"https:\/\/balanceyourlife.hu\/egeszsegtervezokapcsolatfelvetel\/#primaryimage"},"thumbnailUrl":"https:\/\/balanceyourlife.hu\/wp-content\/uploads\/2025\/03\/egeszsegtervezo-300x290.png","datePublished":"2025-03-08T20:54:20+00:00","dateModified":"2025-03-08T21:10:52+00:00","breadcrumb":{"@id":"https:\/\/balanceyourlife.hu\/egeszsegtervezokapcsolatfelvetel\/#breadcrumb"},"inLanguage":"en-US","potentialAction":[{"@type":"ReadAction","target":["https:\/\/balanceyourlife.hu\/egeszsegtervezokapcsolatfelvetel\/"]}]},{"@type":"ImageObject","inLanguage":"en-US","@id":"https:\/\/balanceyourlife.hu\/egeszsegtervezokapcsolatfelvetel\/#primaryimage","url":"https:\/\/balanceyourlife.hu\/wp-content\/uploads\/2025\/03\/egeszsegtervezo-300x290.png","contentUrl":"https:\/\/balanceyourlife.hu\/wp-content\/uploads\/2025\/03\/egeszsegtervezo-300x290.png"},{"@type":"BreadcrumbList","@id":"https:\/\/balanceyourlife.hu\/egeszsegtervezokapcsolatfelvetel\/#breadcrumb","itemListElement":[{"@type":"ListItem","position":1,"name":"Kezd\u0151lap","item":"https:\/\/balanceyourlife.hu\/"},{"@type":"ListItem","position":2,"name":"Eg\u00e9szs\u00e9gtervez\u0151 kapcsolatfelv\u00e9tel"}]},{"@type":"WebSite","@id":"https:\/\/balanceyourlife.hu\/#website","url":"https:\/\/balanceyourlife.hu\/","name":"Balance Your Life","description":"Sud\u00e1r Beatrix - Lifestyle manager","potentialAction":[{"@type":"SearchAction","target":{"@type":"EntryPoint","urlTemplate":"https:\/\/balanceyourlife.hu\/?s={search_term_string}"},"query-input":{"@type":"PropertyValueSpecification","valueRequired":true,"valueName":"search_term_string"}}],"inLanguage":"en-US"}]}},"_links":{"self":[{"href":"https:\/\/balanceyourlife.hu\/en\/wp-json\/wp\/v2\/pages\/4048","targetHints":{"allow":["GET"]}}],"collection":[{"href":"https:\/\/balanceyourlife.hu\/en\/wp-json\/wp\/v2\/pages"}],"about":[{"href":"https:\/\/balanceyourlife.hu\/en\/wp-json\/wp\/v2\/types\/page"}],"author":[{"embeddable":true,"href":"https:\/\/balanceyourlife.hu\/en\/wp-json\/wp\/v2\/users\/2"}],"replies":[{"embeddable":true,"href":"https:\/\/balanceyourlife.hu\/en\/wp-json\/wp\/v2\/comments?post=4048"}],"version-history":[{"count":5,"href":"https:\/\/balanceyourlife.hu\/en\/wp-json\/wp\/v2\/pages\/4048\/revisions"}],"predecessor-version":[{"id":4065,"href":"https:\/\/balanceyourlife.hu\/en\/wp-json\/wp\/v2\/pages\/4048\/revisions\/4065"}],"wp:attachment":[{"href":"https:\/\/balanceyourlife.hu\/en\/wp-json\/wp\/v2\/media?parent=4048"}],"curies":[{"name":"wp","href":"https:\/\/api.w.org\/{rel}","templated":true}]}}