{"id":3100,"date":"2024-10-24T16:04:36","date_gmt":"2024-10-24T16:04:36","guid":{"rendered":"https:\/\/balanceyourlife.hu\/?page_id=3100"},"modified":"2026-04-15T16:39:33","modified_gmt":"2026-04-15T15:39:33","slug":"impresszum","status":"publish","type":"page","link":"https:\/\/balanceyourlife.hu\/en\/impresszum\/","title":{"rendered":"masthead"},"content":{"rendered":"<div data-elementor-type=\"wp-page\" data-elementor-id=\"3100\" class=\"elementor elementor-3100\" data-elementor-post-type=\"page\">\n\t\t\t\t<div class=\"elementor-element elementor-element-1d1cba4 e-flex e-con-boxed e-con e-parent\" data-id=\"1d1cba4\" data-element_type=\"container\" data-e-type=\"container\">\n\t\t\t\t\t<div class=\"e-con-inner\">\n\t\t\t\t<div class=\"elementor-element elementor-element-9cf6d23 elementor-widget elementor-widget-heading\" data-id=\"9cf6d23\" data-element_type=\"widget\" data-e-type=\"widget\" data-widget_type=\"heading.default\">\n\t\t\t\t<div class=\"elementor-widget-container\">\n\t\t\t\t\t<h2 class=\"elementor-heading-title elementor-size-default\">masthead\n<\/h2>\t\t\t\t<\/div>\n\t\t\t\t<\/div>\n\t\t\t\t<div class=\"elementor-element elementor-element-aee3e26 elementor-widget elementor-widget-text-editor\" data-id=\"aee3e26\" data-element_type=\"widget\" data-e-type=\"widget\" data-widget_type=\"text-editor.default\">\n\t\t\t\t<div class=\"elementor-widget-container\">\n\t\t\t\t\t\t\t\t\t<p><b>Szolg\u00e1ltat\u00f3 neve:<\/b>Balance Your Life Worldwide Inc.<\/p><p><b>Headquarters:<\/b>677 N Washington BLVD #57 SARASOTA, FL. US34236<\/p><p><b>Tax number:<\/b>36-5160646<\/p><p><b>E-mail address: <\/b><a href=\"mailto:info@balanceyourlife.hu\"><b>info@balanceyourlife.hu<\/b><\/a><\/p><p><b>Phone number: +36307019960<\/b><\/p><p><b>Data of the service provider of the repository<\/b><\/p><p><b>Service provider name: Sybell Informatika Kft.<\/b><\/p><p><b>Service address: 1158 Budapest, K\u00e9sm\u00e1rk u. 7\/B 2. floor 206.<\/b><\/p><p><b>Phone: +36 1 707 67 27<\/b><\/p><p><b>E-mail: info@sybell.hu<\/b><\/p><p><b>Web: www.sybell.hu<\/b><\/p>\t\t\t\t\t\t\t\t<\/div>\n\t\t\t\t<\/div>\n\t\t\t\t\t<\/div>\n\t\t\t\t<\/div>\n\t\t\t\t<\/div>","protected":false},"excerpt":{"rendered":"<p>Impresszum Szolg\u00e1ltat\u00f3 neve:Balance Your Life Worldwide Inc. Sz\u00e9khelye:677 N Washington BLVD #57 SARASOTA, FL. US34236 Ad\u00f3sz\u00e1m:36-5160646 E-mail c\u00edm: info@balanceyourlife.hu Telefonsz\u00e1m: +36307019960 T\u00e1rhely szolg\u00e1ltat\u00f3 adatai Szolg\u00e1ltat\u00f3 neve: Sybell Informatika Kft. Szolg\u00e1ltat\u00f3 c\u00edme: 1158 Budapest, K\u00e9sm\u00e1rk u. 7\/B 2. em. 206. Telefon: +36 1 707 67 27 E-mail: info@sybell.hu Web: www.sybell.hu<\/p>","protected":false},"author":2,"featured_media":0,"parent":0,"menu_order":0,"comment_status":"closed","ping_status":"closed","template":"elementor_header_footer","meta":{"footnotes":""},"class_list":["post-3100","page","type-page","status-publish","hentry"],"acf":[],"yoast_head":"<!-- This site is optimized with the Yoast SEO Premium plugin v27.3 (Yoast SEO v27.3) - https:\/\/yoast.com\/product\/yoast-seo-premium-wordpress\/ -->\n<title>Impresszum - Balance Your Life<\/title>\n<meta name=\"robots\" content=\"index, follow, max-snippet:-1, max-image-preview:large, max-video-preview:-1\" \/>\n<link rel=\"canonical\" href=\"https:\/\/balanceyourlife.hu\/en\/impresszum\/\" \/>\n<meta property=\"og:locale\" content=\"en_US\" \/>\n<meta property=\"og:type\" content=\"article\" \/>\n<meta property=\"og:title\" content=\"Impresszum\" \/>\n<meta property=\"og:description\" content=\"Impresszum Szolg\u00e1ltat\u00f3 neve:Balance Your Life Worldwide Inc. Sz\u00e9khelye:677 N Washington BLVD #57 SARASOTA, FL. US34236 Ad\u00f3sz\u00e1m:36-5160646 E-mail c\u00edm: info@balanceyourlife.hu Telefonsz\u00e1m: +36307019960 T\u00e1rhely szolg\u00e1ltat\u00f3 adatai Szolg\u00e1ltat\u00f3 neve: Sybell Informatika Kft. Szolg\u00e1ltat\u00f3 c\u00edme: 1158 Budapest, K\u00e9sm\u00e1rk u. 7\/B 2. em. 206. Telefon: +36 1 707 67 27 E-mail: info@sybell.hu Web: www.sybell.hu\" \/>\n<meta property=\"og:url\" content=\"https:\/\/balanceyourlife.hu\/en\/impresszum\/\" \/>\n<meta property=\"og:site_name\" content=\"Balance Your Life\" \/>\n<meta property=\"article:modified_time\" content=\"2026-04-15T15:39:33+00:00\" \/>\n<meta name=\"twitter:card\" content=\"summary_large_image\" \/>\n<meta name=\"twitter:label1\" content=\"Est. reading time\" \/>\n\t<meta name=\"twitter:data1\" content=\"1 minute\" \/>\n<script type=\"application\/ld+json\" class=\"yoast-schema-graph\">{\"@context\":\"https:\\\/\\\/schema.org\",\"@graph\":[{\"@type\":\"WebPage\",\"@id\":\"https:\\\/\\\/balanceyourlife.hu\\\/impresszum\\\/\",\"url\":\"https:\\\/\\\/balanceyourlife.hu\\\/impresszum\\\/\",\"name\":\"Impresszum - Balance Your Life\",\"isPartOf\":{\"@id\":\"https:\\\/\\\/balanceyourlife.hu\\\/#website\"},\"datePublished\":\"2024-10-24T16:04:36+00:00\",\"dateModified\":\"2026-04-15T15:39:33+00:00\",\"breadcrumb\":{\"@id\":\"https:\\\/\\\/balanceyourlife.hu\\\/impresszum\\\/#breadcrumb\"},\"inLanguage\":\"en-US\",\"potentialAction\":[{\"@type\":\"ReadAction\",\"target\":[\"https:\\\/\\\/balanceyourlife.hu\\\/impresszum\\\/\"]}]},{\"@type\":\"BreadcrumbList\",\"@id\":\"https:\\\/\\\/balanceyourlife.hu\\\/impresszum\\\/#breadcrumb\",\"itemListElement\":[{\"@type\":\"ListItem\",\"position\":1,\"name\":\"Kezd\u0151lap\",\"item\":\"https:\\\/\\\/balanceyourlife.hu\\\/\"},{\"@type\":\"ListItem\",\"position\":2,\"name\":\"Impresszum\"}]},{\"@type\":\"WebSite\",\"@id\":\"https:\\\/\\\/balanceyourlife.hu\\\/#website\",\"url\":\"https:\\\/\\\/balanceyourlife.hu\\\/\",\"name\":\"Balance Your Life\",\"description\":\"Sud\u00e1r Beatrix - \u00c9letm\u00f3d manager\",\"potentialAction\":[{\"@type\":\"SearchAction\",\"target\":{\"@type\":\"EntryPoint\",\"urlTemplate\":\"https:\\\/\\\/balanceyourlife.hu\\\/?s={search_term_string}\"},\"query-input\":{\"@type\":\"PropertyValueSpecification\",\"valueRequired\":true,\"valueName\":\"search_term_string\"}}],\"inLanguage\":\"en-US\"}]}<\/script>\n<!-- \/ Yoast SEO Premium plugin. -->","yoast_head_json":{"title":"Imprint - Balance Your Life","robots":{"index":"index","follow":"follow","max-snippet":"max-snippet:-1","max-image-preview":"max-image-preview:large","max-video-preview":"max-video-preview:-1"},"canonical":"https:\/\/balanceyourlife.hu\/en\/impresszum\/","og_locale":"en_US","og_type":"article","og_title":"Impresszum","og_description":"Impresszum Szolg\u00e1ltat\u00f3 neve:Balance Your Life Worldwide Inc. Sz\u00e9khelye:677 N Washington BLVD #57 SARASOTA, FL. US34236 Ad\u00f3sz\u00e1m:36-5160646 E-mail c\u00edm: info@balanceyourlife.hu Telefonsz\u00e1m: +36307019960 T\u00e1rhely szolg\u00e1ltat\u00f3 adatai Szolg\u00e1ltat\u00f3 neve: Sybell Informatika Kft. Szolg\u00e1ltat\u00f3 c\u00edme: 1158 Budapest, K\u00e9sm\u00e1rk u. 7\/B 2. em. 206. Telefon: +36 1 707 67 27 E-mail: info@sybell.hu Web: www.sybell.hu","og_url":"https:\/\/balanceyourlife.hu\/en\/impresszum\/","og_site_name":"Balance Your Life","article_modified_time":"2026-04-15T15:39:33+00:00","twitter_card":"summary_large_image","twitter_misc":{"Est. reading time":"1 minute"},"schema":{"@context":"https:\/\/schema.org","@graph":[{"@type":"WebPage","@id":"https:\/\/balanceyourlife.hu\/impresszum\/","url":"https:\/\/balanceyourlife.hu\/impresszum\/","name":"Imprint - Balance Your Life","isPartOf":{"@id":"https:\/\/balanceyourlife.hu\/#website"},"datePublished":"2024-10-24T16:04:36+00:00","dateModified":"2026-04-15T15:39:33+00:00","breadcrumb":{"@id":"https:\/\/balanceyourlife.hu\/impresszum\/#breadcrumb"},"inLanguage":"en-US","potentialAction":[{"@type":"ReadAction","target":["https:\/\/balanceyourlife.hu\/impresszum\/"]}]},{"@type":"BreadcrumbList","@id":"https:\/\/balanceyourlife.hu\/impresszum\/#breadcrumb","itemListElement":[{"@type":"ListItem","position":1,"name":"Kezd\u0151lap","item":"https:\/\/balanceyourlife.hu\/"},{"@type":"ListItem","position":2,"name":"Impresszum"}]},{"@type":"WebSite","@id":"https:\/\/balanceyourlife.hu\/#website","url":"https:\/\/balanceyourlife.hu\/","name":"Balance Your Life","description":"Sud\u00e1r Beatrix - Lifestyle manager","potentialAction":[{"@type":"SearchAction","target":{"@type":"EntryPoint","urlTemplate":"https:\/\/balanceyourlife.hu\/?s={search_term_string}"},"query-input":{"@type":"PropertyValueSpecification","valueRequired":true,"valueName":"search_term_string"}}],"inLanguage":"en-US"}]}},"_links":{"self":[{"href":"https:\/\/balanceyourlife.hu\/en\/wp-json\/wp\/v2\/pages\/3100","targetHints":{"allow":["GET"]}}],"collection":[{"href":"https:\/\/balanceyourlife.hu\/en\/wp-json\/wp\/v2\/pages"}],"about":[{"href":"https:\/\/balanceyourlife.hu\/en\/wp-json\/wp\/v2\/types\/page"}],"author":[{"embeddable":true,"href":"https:\/\/balanceyourlife.hu\/en\/wp-json\/wp\/v2\/users\/2"}],"replies":[{"embeddable":true,"href":"https:\/\/balanceyourlife.hu\/en\/wp-json\/wp\/v2\/comments?post=3100"}],"version-history":[{"count":7,"href":"https:\/\/balanceyourlife.hu\/en\/wp-json\/wp\/v2\/pages\/3100\/revisions"}],"predecessor-version":[{"id":4677,"href":"https:\/\/balanceyourlife.hu\/en\/wp-json\/wp\/v2\/pages\/3100\/revisions\/4677"}],"wp:attachment":[{"href":"https:\/\/balanceyourlife.hu\/en\/wp-json\/wp\/v2\/media?parent=3100"}],"curies":[{"name":"wp","href":"https:\/\/api.w.org\/{rel}","templated":true}]}}