{"id":4111,"date":"2025-04-29T22:35:41","date_gmt":"2025-04-29T21:35:41","guid":{"rendered":"https:\/\/balanceyourlife.hu\/?page_id=4111"},"modified":"2025-04-29T22:45:14","modified_gmt":"2025-04-29T21:45:14","slug":"szabaduloszoba","status":"publish","type":"page","link":"https:\/\/balanceyourlife.hu\/de\/szabaduloszoba\/","title":{"rendered":"Szabadul\u00f3szoba"},"content":{"rendered":"<div data-elementor-type=\"wp-page\" data-elementor-id=\"4111\" class=\"elementor elementor-4111\" data-elementor-post-type=\"page\">\n\t\t\t\t<div class=\"elementor-element elementor-element-545bd80 e-flex e-con-boxed e-con e-parent\" data-id=\"545bd80\" data-element_type=\"container\" data-e-type=\"container\">\n\t\t\t\t\t<div class=\"e-con-inner\">\n\t\t<div class=\"elementor-element elementor-element-b1c9ff0 e-con-full e-flex e-con e-child\" data-id=\"b1c9ff0\" data-element_type=\"container\" data-e-type=\"container\">\n\t\t\t\t<div class=\"elementor-element elementor-element-4c4e834 elementor-widget elementor-widget-html\" data-id=\"4c4e834\" data-element_type=\"widget\" data-e-type=\"widget\" data-widget_type=\"html.default\">\n\t\t\t\t<div class=\"elementor-widget-container\">\n\t\t\t\t\t<iframe src=\"https:\/\/app.gohighlevel.com\/v2\/preview\/weVaz5evHpq0htdUqhFX\" width=\"100%\" height=\"600\" style=\"border:none;\"><\/iframe>\r\n\t\t\t\t<\/div>\n\t\t\t\t<\/div>\n\t\t\t\t<\/div>\n\t\t\t\t\t<\/div>\n\t\t\t\t<\/div>\n\t\t\t\t<\/div>","protected":false},"excerpt":{"rendered":"","protected":false},"author":2,"featured_media":0,"parent":0,"menu_order":0,"comment_status":"closed","ping_status":"closed","template":"elementor_header_footer","meta":{"footnotes":""},"class_list":["post-4111","page","type-page","status-publish","hentry"],"acf":[],"yoast_head":"<!-- This site is optimized with the Yoast SEO Premium plugin v27.5 (Yoast SEO v27.5) - https:\/\/yoast.com\/product\/yoast-seo-premium-wordpress\/ -->\n<title>Szabadul\u00f3szoba - Balance Your Life<\/title>\n<meta name=\"robots\" content=\"index, follow, max-snippet:-1, max-image-preview:large, max-video-preview:-1\" \/>\n<link rel=\"canonical\" href=\"https:\/\/balanceyourlife.hu\/de\/szabaduloszoba\/\" \/>\n<meta property=\"og:locale\" content=\"de_DE\" \/>\n<meta property=\"og:type\" content=\"article\" \/>\n<meta property=\"og:title\" content=\"Szabadul\u00f3szoba\" \/>\n<meta property=\"og:url\" content=\"https:\/\/balanceyourlife.hu\/de\/szabaduloszoba\/\" \/>\n<meta property=\"og:site_name\" content=\"Balance Your Life\" \/>\n<meta property=\"article:modified_time\" content=\"2025-04-29T21:45:14+00:00\" \/>\n<meta name=\"twitter:card\" content=\"summary_large_image\" \/>\n<script type=\"application\/ld+json\" class=\"yoast-schema-graph\">{\"@context\":\"https:\\\/\\\/schema.org\",\"@graph\":[{\"@type\":\"WebPage\",\"@id\":\"https:\\\/\\\/balanceyourlife.hu\\\/szabaduloszoba\\\/\",\"url\":\"https:\\\/\\\/balanceyourlife.hu\\\/szabaduloszoba\\\/\",\"name\":\"Szabadul\u00f3szoba - Balance Your Life\",\"isPartOf\":{\"@id\":\"https:\\\/\\\/balanceyourlife.hu\\\/#website\"},\"datePublished\":\"2025-04-29T21:35:41+00:00\",\"dateModified\":\"2025-04-29T21:45:14+00:00\",\"breadcrumb\":{\"@id\":\"https:\\\/\\\/balanceyourlife.hu\\\/szabaduloszoba\\\/#breadcrumb\"},\"inLanguage\":\"de\",\"potentialAction\":[{\"@type\":\"ReadAction\",\"target\":[\"https:\\\/\\\/balanceyourlife.hu\\\/szabaduloszoba\\\/\"]}]},{\"@type\":\"BreadcrumbList\",\"@id\":\"https:\\\/\\\/balanceyourlife.hu\\\/szabaduloszoba\\\/#breadcrumb\",\"itemListElement\":[{\"@type\":\"ListItem\",\"position\":1,\"name\":\"Kezd\u0151lap\",\"item\":\"https:\\\/\\\/balanceyourlife.hu\\\/\"},{\"@type\":\"ListItem\",\"position\":2,\"name\":\"Szabadul\u00f3szoba\"}]},{\"@type\":\"WebSite\",\"@id\":\"https:\\\/\\\/balanceyourlife.hu\\\/#website\",\"url\":\"https:\\\/\\\/balanceyourlife.hu\\\/\",\"name\":\"Balance Your Life\",\"description\":\"Sud\u00e1r Beatrix - \u00c9letm\u00f3d manager\",\"potentialAction\":[{\"@type\":\"SearchAction\",\"target\":{\"@type\":\"EntryPoint\",\"urlTemplate\":\"https:\\\/\\\/balanceyourlife.hu\\\/?s={search_term_string}\"},\"query-input\":{\"@type\":\"PropertyValueSpecification\",\"valueRequired\":true,\"valueName\":\"search_term_string\"}}],\"inLanguage\":\"de\"}]}<\/script>\n<!-- \/ Yoast SEO Premium plugin. -->","yoast_head_json":{"title":"Szabadul\u00f3szoba - Balance Your Life","robots":{"index":"index","follow":"follow","max-snippet":"max-snippet:-1","max-image-preview":"max-image-preview:large","max-video-preview":"max-video-preview:-1"},"canonical":"https:\/\/balanceyourlife.hu\/de\/szabaduloszoba\/","og_locale":"de_DE","og_type":"article","og_title":"Szabadul\u00f3szoba","og_url":"https:\/\/balanceyourlife.hu\/de\/szabaduloszoba\/","og_site_name":"Balance Your Life","article_modified_time":"2025-04-29T21:45:14+00:00","twitter_card":"summary_large_image","schema":{"@context":"https:\/\/schema.org","@graph":[{"@type":"WebPage","@id":"https:\/\/balanceyourlife.hu\/szabaduloszoba\/","url":"https:\/\/balanceyourlife.hu\/szabaduloszoba\/","name":"Szabadul\u00f3szoba - Balance Your Life","isPartOf":{"@id":"https:\/\/balanceyourlife.hu\/#website"},"datePublished":"2025-04-29T21:35:41+00:00","dateModified":"2025-04-29T21:45:14+00:00","breadcrumb":{"@id":"https:\/\/balanceyourlife.hu\/szabaduloszoba\/#breadcrumb"},"inLanguage":"de","potentialAction":[{"@type":"ReadAction","target":["https:\/\/balanceyourlife.hu\/szabaduloszoba\/"]}]},{"@type":"BreadcrumbList","@id":"https:\/\/balanceyourlife.hu\/szabaduloszoba\/#breadcrumb","itemListElement":[{"@type":"ListItem","position":1,"name":"Kezd\u0151lap","item":"https:\/\/balanceyourlife.hu\/"},{"@type":"ListItem","position":2,"name":"Szabadul\u00f3szoba"}]},{"@type":"WebSite","@id":"https:\/\/balanceyourlife.hu\/#website","url":"https:\/\/balanceyourlife.hu\/","name":"Ihr Leben im Gleichgewicht","description":"Sud\u00e1r Beatrix - Lebensstil-Managerin","potentialAction":[{"@type":"SearchAction","target":{"@type":"EntryPoint","urlTemplate":"https:\/\/balanceyourlife.hu\/?s={search_term_string}"},"query-input":{"@type":"PropertyValueSpecification","valueRequired":true,"valueName":"search_term_string"}}],"inLanguage":"de"}]}},"_links":{"self":[{"href":"https:\/\/balanceyourlife.hu\/de\/wp-json\/wp\/v2\/pages\/4111","targetHints":{"allow":["GET"]}}],"collection":[{"href":"https:\/\/balanceyourlife.hu\/de\/wp-json\/wp\/v2\/pages"}],"about":[{"href":"https:\/\/balanceyourlife.hu\/de\/wp-json\/wp\/v2\/types\/page"}],"author":[{"embeddable":true,"href":"https:\/\/balanceyourlife.hu\/de\/wp-json\/wp\/v2\/users\/2"}],"replies":[{"embeddable":true,"href":"https:\/\/balanceyourlife.hu\/de\/wp-json\/wp\/v2\/comments?post=4111"}],"version-history":[{"count":4,"href":"https:\/\/balanceyourlife.hu\/de\/wp-json\/wp\/v2\/pages\/4111\/revisions"}],"predecessor-version":[{"id":4116,"href":"https:\/\/balanceyourlife.hu\/de\/wp-json\/wp\/v2\/pages\/4111\/revisions\/4116"}],"wp:attachment":[{"href":"https:\/\/balanceyourlife.hu\/de\/wp-json\/wp\/v2\/media?parent=4111"}],"curies":[{"name":"wp","href":"https:\/\/api.w.org\/{rel}","templated":true}]}}