{"id":3716,"date":"2024-11-30T20:17:53","date_gmt":"2024-11-30T20:17:53","guid":{"rendered":"https:\/\/balanceyourlife.hu\/?page_id=3716"},"modified":"2024-11-30T22:48:01","modified_gmt":"2024-11-30T22:48:01","slug":"advent-6","status":"publish","type":"page","link":"https:\/\/balanceyourlife.hu\/de\/advent-6\/","title":{"rendered":"Advent_napt\u00e1r k\u00f6sz\u00f6n\u0151 oldal"},"content":{"rendered":"\t\t<div data-elementor-type=\"wp-page\" data-elementor-id=\"3716\" class=\"elementor elementor-3716\" data-elementor-post-type=\"page\">\n\t\t\t\t\t\t<section class=\"elementor-section elementor-top-section elementor-element elementor-element-e84149c elementor-section-stretched elementor-section-full_width elementor-section-height-min-height elementor-section-content-middle elementor-hidden-mobile elementor-section-height-default elementor-section-items-middle\" data-id=\"e84149c\" data-element_type=\"section\" data-e-type=\"section\" data-settings=\"{&quot;stretch_section&quot;:&quot;section-stretched&quot;,&quot;background_background&quot;:&quot;video&quot;,&quot;animation&quot;:&quot;none&quot;,&quot;shape_divider_bottom&quot;:&quot;mountains&quot;,&quot;background_video_link&quot;:&quot;https:\\\/\\\/balanceyourlife.hu\\\/wp-content\\\/uploads\\\/2024\\\/11\\\/Adventi-Hero-5.mp4&quot;,&quot;background_video_start&quot;:1}\">\n\t\t\t\t\t\t\t\t<div class=\"elementor-background-video-container elementor-hidden-mobile\">\n\t\t\t\t\t\t\t\t\t\t\t\t\t<video class=\"elementor-background-video-hosted\" role=\"presentation\" autoplay muted playsinline loop><\/video>\n\t\t\t\t\t\t\t\t\t\t\t<\/div>\n\t\t\t\t\t\t\t\t\t<div class=\"elementor-background-overlay\"><\/div>\n\t\t\t\t\t\t<div class=\"elementor-shape elementor-shape-bottom\" aria-hidden=\"true\" data-negative=\"false\">\n\t\t\t<svg xmlns=\"http:\/\/www.w3.org\/2000\/svg\" viewBox=\"0 0 1000 100\" preserveAspectRatio=\"none\">\n\t<path class=\"elementor-shape-fill\" opacity=\"0.33\" d=\"M473,67.3c-203.9,88.3-263.1-34-320.3,0C66,119.1,0,59.7,0,59.7V0h1000v59.7 c0,0-62.1,26.1-94.9,29.3c-32.8,3.3-62.8-12.3-75.8-22.1C806,49.6,745.3,8.7,694.9,4.7S492.4,59,473,67.3z\"\/>\n\t<path class=\"elementor-shape-fill\" opacity=\"0.66\" d=\"M734,67.3c-45.5,0-77.2-23.2-129.1-39.1c-28.6-8.7-150.3-10.1-254,39.1 s-91.7-34.4-149.2,0C115.7,118.3,0,39.8,0,39.8V0h1000v36.5c0,0-28.2-18.5-92.1-18.5C810.2,18.1,775.7,67.3,734,67.3z\"\/>\n\t<path class=\"elementor-shape-fill\" d=\"M766.1,28.9c-200-57.5-266,65.5-395.1,19.5C242,1.8,242,5.4,184.8,20.6C128,35.8,132.3,44.9,89.9,52.5C28.6,63.7,0,0,0,0 h1000c0,0-9.9,40.9-83.6,48.1S829.6,47,766.1,28.9z\"\/>\n<\/svg>\t\t<\/div>\n\t\t\t\t\t<div class=\"elementor-container elementor-column-gap-no\">\n\t\t\t\t\t<div class=\"elementor-column elementor-col-100 elementor-top-column elementor-element elementor-element-5efdce7\" data-id=\"5efdce7\" data-element_type=\"column\" data-e-type=\"column\">\n\t\t\t<div class=\"elementor-widget-wrap elementor-element-populated\">\n\t\t\t\t\t\t<section class=\"elementor-section elementor-inner-section elementor-element elementor-element-3987271 elementor-section-boxed elementor-section-height-default elementor-section-height-default\" data-id=\"3987271\" data-element_type=\"section\" data-e-type=\"section\" data-settings=\"{&quot;motion_fx_motion_fx_scrolling&quot;:&quot;yes&quot;,&quot;motion_fx_devices&quot;:[&quot;widescreen&quot;,&quot;desktop&quot;,&quot;laptop&quot;,&quot;tablet&quot;,&quot;mobile&quot;]}\">\n\t\t\t\t\t\t<div class=\"elementor-container elementor-column-gap-default\">\n\t\t\t\t\t<div class=\"elementor-column elementor-col-100 elementor-inner-column elementor-element elementor-element-324ad6a\" data-id=\"324ad6a\" data-element_type=\"column\" data-e-type=\"column\">\n\t\t\t<div class=\"elementor-widget-wrap elementor-element-populated\">\n\t\t\t\t\t\t<div class=\"elementor-element elementor-element-4a370e8 elementor-widget elementor-widget-heading\" data-id=\"4a370e8\" data-element_type=\"widget\" data-e-type=\"widget\" data-widget_type=\"heading.default\">\n\t\t\t\t<div class=\"elementor-widget-container\">\n\t\t\t\t\t<h2 class=\"elementor-heading-title elementor-size-default\">\u00dcdv\u00f6zl\u00fcnk az adventi kalandban! <br> Nagyon \u00f6r\u00fcl\u00fcnk, hogy vel\u00fcnk tartasz ebben a k\u00fcl\u00f6nleges id\u0151szakban.<\/h2>\t\t\t\t<\/div>\n\t\t\t\t<\/div>\n\t\t\t\t\t<\/div>\n\t\t<\/div>\n\t\t\t\t\t<\/div>\n\t\t<\/section>\n\t\t\t\t\t<\/div>\n\t\t<\/div>\n\t\t\t\t\t<\/div>\n\t\t<\/section>\n\t\t\t\t<section class=\"elementor-section elementor-top-section elementor-element elementor-element-7e4eac0 elementor-section-stretched elementor-section-full_width elementor-section-height-min-height elementor-section-content-middle elementor-hidden-widescreen elementor-hidden-desktop elementor-hidden-laptop elementor-hidden-tablet elementor-section-height-default elementor-section-items-middle\" data-id=\"7e4eac0\" data-element_type=\"section\" data-e-type=\"section\" data-settings=\"{&quot;stretch_section&quot;:&quot;section-stretched&quot;,&quot;background_background&quot;:&quot;classic&quot;,&quot;animation&quot;:&quot;none&quot;,&quot;shape_divider_bottom&quot;:&quot;mountains&quot;}\">\n\t\t\t\t\t\t\t<div class=\"elementor-background-overlay\"><\/div>\n\t\t\t\t\t\t<div class=\"elementor-shape elementor-shape-bottom\" aria-hidden=\"true\" data-negative=\"false\">\n\t\t\t<svg xmlns=\"http:\/\/www.w3.org\/2000\/svg\" viewBox=\"0 0 1000 100\" preserveAspectRatio=\"none\">\n\t<path class=\"elementor-shape-fill\" opacity=\"0.33\" d=\"M473,67.3c-203.9,88.3-263.1-34-320.3,0C66,119.1,0,59.7,0,59.7V0h1000v59.7 c0,0-62.1,26.1-94.9,29.3c-32.8,3.3-62.8-12.3-75.8-22.1C806,49.6,745.3,8.7,694.9,4.7S492.4,59,473,67.3z\"\/>\n\t<path class=\"elementor-shape-fill\" opacity=\"0.66\" d=\"M734,67.3c-45.5,0-77.2-23.2-129.1-39.1c-28.6-8.7-150.3-10.1-254,39.1 s-91.7-34.4-149.2,0C115.7,118.3,0,39.8,0,39.8V0h1000v36.5c0,0-28.2-18.5-92.1-18.5C810.2,18.1,775.7,67.3,734,67.3z\"\/>\n\t<path class=\"elementor-shape-fill\" d=\"M766.1,28.9c-200-57.5-266,65.5-395.1,19.5C242,1.8,242,5.4,184.8,20.6C128,35.8,132.3,44.9,89.9,52.5C28.6,63.7,0,0,0,0 h1000c0,0-9.9,40.9-83.6,48.1S829.6,47,766.1,28.9z\"\/>\n<\/svg>\t\t<\/div>\n\t\t\t\t\t<div class=\"elementor-container elementor-column-gap-no\">\n\t\t\t\t\t<div class=\"elementor-column elementor-col-100 elementor-top-column elementor-element elementor-element-d0ea3f6\" data-id=\"d0ea3f6\" data-element_type=\"column\" data-e-type=\"column\">\n\t\t\t<div class=\"elementor-widget-wrap elementor-element-populated\">\n\t\t\t\t\t\t<section class=\"elementor-section elementor-inner-section elementor-element elementor-element-25f8971 elementor-section-boxed elementor-section-height-default elementor-section-height-default\" data-id=\"25f8971\" data-element_type=\"section\" data-e-type=\"section\" data-settings=\"{&quot;motion_fx_motion_fx_scrolling&quot;:&quot;yes&quot;,&quot;motion_fx_devices&quot;:[&quot;widescreen&quot;,&quot;desktop&quot;,&quot;laptop&quot;,&quot;tablet&quot;,&quot;mobile&quot;]}\">\n\t\t\t\t\t\t<div class=\"elementor-container elementor-column-gap-default\">\n\t\t\t\t\t<div class=\"elementor-column elementor-col-100 elementor-inner-column elementor-element elementor-element-a06acea\" data-id=\"a06acea\" data-element_type=\"column\" data-e-type=\"column\">\n\t\t\t<div class=\"elementor-widget-wrap elementor-element-populated\">\n\t\t\t\t\t\t<div class=\"elementor-element elementor-element-ca2d5a9 elementor-widget elementor-widget-heading\" data-id=\"ca2d5a9\" data-element_type=\"widget\" data-e-type=\"widget\" data-widget_type=\"heading.default\">\n\t\t\t\t<div class=\"elementor-widget-container\">\n\t\t\t\t\t<h2 class=\"elementor-heading-title elementor-size-default\">\u00dcdv\u00f6zl\u00fcnk az adventi kalandban! <br> Nagyon \u00f6r\u00fcl\u00fcnk, hogy vel\u00fcnk tartasz ebben a k\u00fcl\u00f6nleges id\u0151szakban.<\/h2>\t\t\t\t<\/div>\n\t\t\t\t<\/div>\n\t\t\t\t\t<\/div>\n\t\t<\/div>\n\t\t\t\t\t<\/div>\n\t\t<\/section>\n\t\t\t\t\t<\/div>\n\t\t<\/div>\n\t\t\t\t\t<\/div>\n\t\t<\/section>\n\t\t<div class=\"elementor-element elementor-element-5ce2d3c e-flex e-con-boxed e-con e-parent\" data-id=\"5ce2d3c\" data-element_type=\"container\" data-e-type=\"container\">\n\t\t\t\t\t<div class=\"e-con-inner\">\n\t\t\t\t<div class=\"elementor-element elementor-element-b10d8fc elementor-widget elementor-widget-text-editor\" data-id=\"b10d8fc\" data-element_type=\"widget\" data-e-type=\"widget\" data-widget_type=\"text-editor.default\">\n\t\t\t\t<div class=\"elementor-widget-container\">\n\t\t\t\t\t\t\t\t\t<p><strong>December 1. \u00e9s 25. k\u00f6z\u00f6tt minden nap egy \u00faj adventi meglepet\u00e9slev\u00e9l \u00e9rkezik az e-mail postal\u00e1d\u00e1dba. Ezekben napi j\u00f3k\u00edv\u00e1ns\u00e1gokat, eg\u00e9szs\u00e9ges szok\u00e1sokat \u00e9s \u00fcnnepi inspir\u00e1ci\u00f3kat tal\u00e1lsz majd.<\/strong><\/p>\t\t\t\t\t\t\t\t<\/div>\n\t\t\t\t<\/div>\n\t\t\t\t\t<\/div>\n\t\t\t\t<\/div>\n\t\t<div class=\"elementor-element elementor-element-716ec0b e-flex e-con-boxed e-con e-parent\" data-id=\"716ec0b\" data-element_type=\"container\" data-e-type=\"container\">\n\t\t\t\t\t<div class=\"e-con-inner\">\n\t\t\t\t<div class=\"elementor-element elementor-element-dd6ce86 elementor-widget elementor-widget-text-editor\" data-id=\"dd6ce86\" data-element_type=\"widget\" data-e-type=\"widget\" data-widget_type=\"text-editor.default\">\n\t\t\t\t<div class=\"elementor-widget-container\">\n\t\t\t\t\t\t\t\t\t<p><strong>Kattints ide, hogy b\u00e1rmikor el\u00e9rhesd az adventi napt\u00e1radat:<\/strong><\/p>\t\t\t\t\t\t\t\t<\/div>\n\t\t\t\t<\/div>\n\t\t\t\t<div class=\"elementor-element elementor-element-8990164 elementor-widget elementor-widget-text-editor\" data-id=\"8990164\" data-element_type=\"widget\" data-e-type=\"widget\" data-widget_type=\"text-editor.default\">\n\t\t\t\t<div class=\"elementor-widget-container\">\n\t\t\t\t\t\t\t\t\t<h5><strong><a href=\"https:\/\/balanceyourlife.hu\/adventi-naptar\/\">ADVENTI NAPT\u00c1R MEGNYIT\u00c1SA<\/a><\/strong><\/h5>\t\t\t\t\t\t\t\t<\/div>\n\t\t\t\t<\/div>\n\t\t\t\t<div class=\"elementor-element elementor-element-cd27ce7 elementor-widget elementor-widget-image\" data-id=\"cd27ce7\" data-element_type=\"widget\" data-e-type=\"widget\" data-widget_type=\"image.default\">\n\t\t\t\t<div class=\"elementor-widget-container\">\n\t\t\t\t\t\t\t\t\t\t\t\t\t\t\t<img fetchpriority=\"high\" decoding=\"async\" width=\"600\" height=\"600\" src=\"https:\/\/balanceyourlife.hu\/wp-content\/uploads\/2024\/11\/santapress_layout_2024-advent.jpg\" class=\"attachment-large size-large wp-image-3781\" alt=\"\" srcset=\"https:\/\/balanceyourlife.hu\/wp-content\/uploads\/2024\/11\/santapress_layout_2024-advent.jpg 600w, https:\/\/balanceyourlife.hu\/wp-content\/uploads\/2024\/11\/santapress_layout_2024-advent-300x300.jpg 300w, https:\/\/balanceyourlife.hu\/wp-content\/uploads\/2024\/11\/santapress_layout_2024-advent-150x150.jpg 150w\" sizes=\"(max-width: 600px) 100vw, 600px\" \/>\t\t\t\t\t\t\t\t\t\t\t\t\t\t\t<\/div>\n\t\t\t\t<\/div>\n\t\t\t\t\t<\/div>\n\t\t\t\t<\/div>\n\t\t\t\t<\/div>\n\t\t","protected":false},"excerpt":{"rendered":"<p>\u00dcdv\u00f6zl\u00fcnk az adventi kalandban! Nagyon \u00f6r\u00fcl\u00fcnk, hogy vel\u00fcnk tartasz ebben a k\u00fcl\u00f6nleges id\u0151szakban. \u00dcdv\u00f6zl\u00fcnk az adventi kalandban! Nagyon \u00f6r\u00fcl\u00fcnk, hogy vel\u00fcnk tartasz ebben a k\u00fcl\u00f6nleges id\u0151szakban. December 1. \u00e9s 25. k\u00f6z\u00f6tt minden nap egy \u00faj adventi meglepet\u00e9slev\u00e9l \u00e9rkezik az e-mail postal\u00e1d\u00e1dba. Ezekben napi j\u00f3k\u00edv\u00e1ns\u00e1gokat, eg\u00e9szs\u00e9ges szok\u00e1sokat \u00e9s \u00fcnnepi inspir\u00e1ci\u00f3kat tal\u00e1lsz majd. Kattints ide, hogy b\u00e1rmikor [&hellip;]<\/p>\n","protected":false},"author":2,"featured_media":0,"parent":0,"menu_order":0,"comment_status":"closed","ping_status":"closed","template":"elementor_header_footer","meta":{"footnotes":""},"class_list":["post-3716","page","type-page","status-publish","hentry"],"acf":[],"yoast_head":"<!-- This site is optimized with the Yoast SEO Premium plugin v27.3 (Yoast SEO v27.3) - https:\/\/yoast.com\/product\/yoast-seo-premium-wordpress\/ -->\n<title>Advent_napt\u00e1r k\u00f6sz\u00f6n\u0151 oldal - Balance Your Life<\/title>\n<meta name=\"robots\" content=\"index, follow, max-snippet:-1, max-image-preview:large, max-video-preview:-1\" \/>\n<link rel=\"canonical\" href=\"https:\/\/balanceyourlife.hu\/de\/advent-6\/\" \/>\n<meta property=\"og:locale\" content=\"de_DE\" \/>\n<meta property=\"og:type\" content=\"article\" \/>\n<meta property=\"og:title\" content=\"Advent_napt\u00e1r k\u00f6sz\u00f6n\u0151 oldal\" \/>\n<meta property=\"og:description\" content=\"\u00dcdv\u00f6zl\u00fcnk az adventi kalandban! Nagyon \u00f6r\u00fcl\u00fcnk, hogy vel\u00fcnk tartasz ebben a k\u00fcl\u00f6nleges id\u0151szakban. \u00dcdv\u00f6zl\u00fcnk az adventi kalandban! Nagyon \u00f6r\u00fcl\u00fcnk, hogy vel\u00fcnk tartasz ebben a k\u00fcl\u00f6nleges id\u0151szakban. December 1. \u00e9s 25. k\u00f6z\u00f6tt minden nap egy \u00faj adventi meglepet\u00e9slev\u00e9l \u00e9rkezik az e-mail postal\u00e1d\u00e1dba. Ezekben napi j\u00f3k\u00edv\u00e1ns\u00e1gokat, eg\u00e9szs\u00e9ges szok\u00e1sokat \u00e9s \u00fcnnepi inspir\u00e1ci\u00f3kat tal\u00e1lsz majd. Kattints ide, hogy b\u00e1rmikor [&hellip;]\" \/>\n<meta property=\"og:url\" content=\"https:\/\/balanceyourlife.hu\/de\/advent-6\/\" \/>\n<meta property=\"og:site_name\" content=\"Balance Your Life\" \/>\n<meta property=\"article:modified_time\" content=\"2024-11-30T22:48:01+00:00\" \/>\n<meta property=\"og:image\" content=\"https:\/\/balanceyourlife.hu\/wp-content\/uploads\/2024\/11\/santapress_layout_2024-advent.jpg\" \/>\n<meta name=\"twitter:card\" content=\"summary_large_image\" \/>\n<meta name=\"twitter:label1\" content=\"Gesch\u00e4tzte Lesezeit\" \/>\n\t<meta name=\"twitter:data1\" content=\"1\u00a0Minute\" \/>\n<script type=\"application\/ld+json\" class=\"yoast-schema-graph\">{\"@context\":\"https:\\\/\\\/schema.org\",\"@graph\":[{\"@type\":\"WebPage\",\"@id\":\"https:\\\/\\\/balanceyourlife.hu\\\/advent-6\\\/\",\"url\":\"https:\\\/\\\/balanceyourlife.hu\\\/advent-6\\\/\",\"name\":\"Advent_napt\u00e1r k\u00f6sz\u00f6n\u0151 oldal - Balance Your Life\",\"isPartOf\":{\"@id\":\"https:\\\/\\\/balanceyourlife.hu\\\/#website\"},\"primaryImageOfPage\":{\"@id\":\"https:\\\/\\\/balanceyourlife.hu\\\/advent-6\\\/#primaryimage\"},\"image\":{\"@id\":\"https:\\\/\\\/balanceyourlife.hu\\\/advent-6\\\/#primaryimage\"},\"thumbnailUrl\":\"https:\\\/\\\/balanceyourlife.hu\\\/wp-content\\\/uploads\\\/2024\\\/11\\\/santapress_layout_2024-advent.jpg\",\"datePublished\":\"2024-11-30T20:17:53+00:00\",\"dateModified\":\"2024-11-30T22:48:01+00:00\",\"breadcrumb\":{\"@id\":\"https:\\\/\\\/balanceyourlife.hu\\\/advent-6\\\/#breadcrumb\"},\"inLanguage\":\"de\",\"potentialAction\":[{\"@type\":\"ReadAction\",\"target\":[\"https:\\\/\\\/balanceyourlife.hu\\\/advent-6\\\/\"]}]},{\"@type\":\"ImageObject\",\"inLanguage\":\"de\",\"@id\":\"https:\\\/\\\/balanceyourlife.hu\\\/advent-6\\\/#primaryimage\",\"url\":\"https:\\\/\\\/balanceyourlife.hu\\\/wp-content\\\/uploads\\\/2024\\\/11\\\/santapress_layout_2024-advent.jpg\",\"contentUrl\":\"https:\\\/\\\/balanceyourlife.hu\\\/wp-content\\\/uploads\\\/2024\\\/11\\\/santapress_layout_2024-advent.jpg\"},{\"@type\":\"BreadcrumbList\",\"@id\":\"https:\\\/\\\/balanceyourlife.hu\\\/advent-6\\\/#breadcrumb\",\"itemListElement\":[{\"@type\":\"ListItem\",\"position\":1,\"name\":\"Kezd\u0151lap\",\"item\":\"https:\\\/\\\/balanceyourlife.hu\\\/\"},{\"@type\":\"ListItem\",\"position\":2,\"name\":\"Advent_napt\u00e1r k\u00f6sz\u00f6n\u0151 oldal\"}]},{\"@type\":\"WebSite\",\"@id\":\"https:\\\/\\\/balanceyourlife.hu\\\/#website\",\"url\":\"https:\\\/\\\/balanceyourlife.hu\\\/\",\"name\":\"Balance Your Life\",\"description\":\"Sud\u00e1r Beatrix - \u00c9letm\u00f3d manager\",\"potentialAction\":[{\"@type\":\"SearchAction\",\"target\":{\"@type\":\"EntryPoint\",\"urlTemplate\":\"https:\\\/\\\/balanceyourlife.hu\\\/?s={search_term_string}\"},\"query-input\":{\"@type\":\"PropertyValueSpecification\",\"valueRequired\":true,\"valueName\":\"search_term_string\"}}],\"inLanguage\":\"de\"}]}<\/script>\n<!-- \/ Yoast SEO Premium plugin. -->","yoast_head_json":{"title":"Advent_napt\u00e1r k\u00f6sz\u00f6n\u0151 oldal - Balance Your Life","robots":{"index":"index","follow":"follow","max-snippet":"max-snippet:-1","max-image-preview":"max-image-preview:large","max-video-preview":"max-video-preview:-1"},"canonical":"https:\/\/balanceyourlife.hu\/de\/advent-6\/","og_locale":"de_DE","og_type":"article","og_title":"Advent_napt\u00e1r k\u00f6sz\u00f6n\u0151 oldal","og_description":"\u00dcdv\u00f6zl\u00fcnk az adventi kalandban! Nagyon \u00f6r\u00fcl\u00fcnk, hogy vel\u00fcnk tartasz ebben a k\u00fcl\u00f6nleges id\u0151szakban. \u00dcdv\u00f6zl\u00fcnk az adventi kalandban! Nagyon \u00f6r\u00fcl\u00fcnk, hogy vel\u00fcnk tartasz ebben a k\u00fcl\u00f6nleges id\u0151szakban. December 1. \u00e9s 25. k\u00f6z\u00f6tt minden nap egy \u00faj adventi meglepet\u00e9slev\u00e9l \u00e9rkezik az e-mail postal\u00e1d\u00e1dba. Ezekben napi j\u00f3k\u00edv\u00e1ns\u00e1gokat, eg\u00e9szs\u00e9ges szok\u00e1sokat \u00e9s \u00fcnnepi inspir\u00e1ci\u00f3kat tal\u00e1lsz majd. Kattints ide, hogy b\u00e1rmikor [&hellip;]","og_url":"https:\/\/balanceyourlife.hu\/de\/advent-6\/","og_site_name":"Balance Your Life","article_modified_time":"2024-11-30T22:48:01+00:00","og_image":[{"url":"https:\/\/balanceyourlife.hu\/wp-content\/uploads\/2024\/11\/santapress_layout_2024-advent.jpg","type":"","width":"","height":""}],"twitter_card":"summary_large_image","twitter_misc":{"Gesch\u00e4tzte Lesezeit":"1\u00a0Minute"},"schema":{"@context":"https:\/\/schema.org","@graph":[{"@type":"WebPage","@id":"https:\/\/balanceyourlife.hu\/advent-6\/","url":"https:\/\/balanceyourlife.hu\/advent-6\/","name":"Advent_napt\u00e1r k\u00f6sz\u00f6n\u0151 oldal - Balance Your Life","isPartOf":{"@id":"https:\/\/balanceyourlife.hu\/#website"},"primaryImageOfPage":{"@id":"https:\/\/balanceyourlife.hu\/advent-6\/#primaryimage"},"image":{"@id":"https:\/\/balanceyourlife.hu\/advent-6\/#primaryimage"},"thumbnailUrl":"https:\/\/balanceyourlife.hu\/wp-content\/uploads\/2024\/11\/santapress_layout_2024-advent.jpg","datePublished":"2024-11-30T20:17:53+00:00","dateModified":"2024-11-30T22:48:01+00:00","breadcrumb":{"@id":"https:\/\/balanceyourlife.hu\/advent-6\/#breadcrumb"},"inLanguage":"de","potentialAction":[{"@type":"ReadAction","target":["https:\/\/balanceyourlife.hu\/advent-6\/"]}]},{"@type":"ImageObject","inLanguage":"de","@id":"https:\/\/balanceyourlife.hu\/advent-6\/#primaryimage","url":"https:\/\/balanceyourlife.hu\/wp-content\/uploads\/2024\/11\/santapress_layout_2024-advent.jpg","contentUrl":"https:\/\/balanceyourlife.hu\/wp-content\/uploads\/2024\/11\/santapress_layout_2024-advent.jpg"},{"@type":"BreadcrumbList","@id":"https:\/\/balanceyourlife.hu\/advent-6\/#breadcrumb","itemListElement":[{"@type":"ListItem","position":1,"name":"Kezd\u0151lap","item":"https:\/\/balanceyourlife.hu\/"},{"@type":"ListItem","position":2,"name":"Advent_napt\u00e1r k\u00f6sz\u00f6n\u0151 oldal"}]},{"@type":"WebSite","@id":"https:\/\/balanceyourlife.hu\/#website","url":"https:\/\/balanceyourlife.hu\/","name":"Ihr Leben im Gleichgewicht","description":"Sud\u00e1r Beatrix - Lebensstil-Managerin","potentialAction":[{"@type":"SearchAction","target":{"@type":"EntryPoint","urlTemplate":"https:\/\/balanceyourlife.hu\/?s={search_term_string}"},"query-input":{"@type":"PropertyValueSpecification","valueRequired":true,"valueName":"search_term_string"}}],"inLanguage":"de"}]}},"_links":{"self":[{"href":"https:\/\/balanceyourlife.hu\/de\/wp-json\/wp\/v2\/pages\/3716","targetHints":{"allow":["GET"]}}],"collection":[{"href":"https:\/\/balanceyourlife.hu\/de\/wp-json\/wp\/v2\/pages"}],"about":[{"href":"https:\/\/balanceyourlife.hu\/de\/wp-json\/wp\/v2\/types\/page"}],"author":[{"embeddable":true,"href":"https:\/\/balanceyourlife.hu\/de\/wp-json\/wp\/v2\/users\/2"}],"replies":[{"embeddable":true,"href":"https:\/\/balanceyourlife.hu\/de\/wp-json\/wp\/v2\/comments?post=3716"}],"version-history":[{"count":5,"href":"https:\/\/balanceyourlife.hu\/de\/wp-json\/wp\/v2\/pages\/3716\/revisions"}],"predecessor-version":[{"id":3787,"href":"https:\/\/balanceyourlife.hu\/de\/wp-json\/wp\/v2\/pages\/3716\/revisions\/3787"}],"wp:attachment":[{"href":"https:\/\/balanceyourlife.hu\/de\/wp-json\/wp\/v2\/media?parent=3716"}],"curies":[{"name":"wp","href":"https:\/\/api.w.org\/{rel}","templated":true}]}}