{"id":3164,"date":"2024-11-14T11:37:35","date_gmt":"2024-11-14T11:37:35","guid":{"rendered":"https:\/\/balanceyourlife.hu\/?page_id=3164"},"modified":"2025-01-14T12:42:47","modified_gmt":"2025-01-14T11:42:47","slug":"egeszsegfelmero-teszt","status":"publish","type":"page","link":"https:\/\/balanceyourlife.hu\/de\/egeszsegfelmero-teszt\/","title":{"rendered":"Gesundheitsvorsorgeuntersuchung"},"content":{"rendered":"<div data-elementor-type=\"wp-post\" data-elementor-id=\"3164\" class=\"elementor elementor-3164\" data-elementor-post-type=\"page\">\n\t\t\t\t<div class=\"elementor-element elementor-element-3ae91d4 e-flex e-con-boxed e-con e-parent\" data-id=\"3ae91d4\" data-element_type=\"container\" data-e-type=\"container\">\n\t\t\t\t\t<div class=\"e-con-inner\">\n\t\t\t\t<div class=\"elementor-element elementor-element-d22cb26 elementor-widget elementor-widget-html\" data-id=\"d22cb26\" data-element_type=\"widget\" data-e-type=\"widget\" data-widget_type=\"html.default\">\n\t\t\t\t<div class=\"elementor-widget-container\">\n\t\t\t\t\t<iframe src=\"https:\/\/api.flybuilt.hu\/widget\/quiz\/H41JwRXGAwdvj6ZQwaTt\" style=\"border:none;width:100%;\" scrolling=\"no\" id=\"H41JwRXGAwdvj6ZQwaTt\" title=\"Gesundheitsvorsorgeuntersuchung\"><\/iframe>\r\n<script src=\"https:\/\/api.flybuilt.hu\/js\/form_embed.js\"><\/script>\t\t\t\t<\/div>\n\t\t\t\t<\/div>\n\t\t\t\t\t<\/div>\n\t\t\t\t<\/div>\n\t\t\t\t<\/div>","protected":false},"excerpt":{"rendered":"","protected":false},"author":2,"featured_media":0,"parent":0,"menu_order":0,"comment_status":"closed","ping_status":"closed","template":"","meta":{"footnotes":""},"class_list":["post-3164","page","type-page","status-publish","hentry"],"acf":[],"yoast_head":"<!-- This site is optimized with the Yoast SEO Premium plugin v27.3 (Yoast SEO v27.3) - https:\/\/yoast.com\/product\/yoast-seo-premium-wordpress\/ -->\n<title>Eg\u00e9szs\u00e9gfelm\u00e9r\u0151 teszt - Balance Your Life<\/title>\n<meta name=\"robots\" content=\"index, follow, max-snippet:-1, max-image-preview:large, max-video-preview:-1\" \/>\n<link rel=\"canonical\" href=\"https:\/\/balanceyourlife.hu\/de\/egeszsegfelmero-teszt\/\" \/>\n<meta property=\"og:locale\" content=\"de_DE\" \/>\n<meta property=\"og:type\" content=\"article\" \/>\n<meta property=\"og:title\" content=\"Eg\u00e9szs\u00e9gfelm\u00e9r\u0151 teszt\" \/>\n<meta property=\"og:url\" content=\"https:\/\/balanceyourlife.hu\/de\/egeszsegfelmero-teszt\/\" \/>\n<meta property=\"og:site_name\" content=\"Balance Your Life\" \/>\n<meta property=\"article:modified_time\" content=\"2025-01-14T11:42:47+00:00\" \/>\n<meta name=\"twitter:card\" content=\"summary_large_image\" \/>\n<script type=\"application\/ld+json\" class=\"yoast-schema-graph\">{\"@context\":\"https:\\\/\\\/schema.org\",\"@graph\":[{\"@type\":\"WebPage\",\"@id\":\"https:\\\/\\\/balanceyourlife.hu\\\/egeszsegfelmero-teszt\\\/\",\"url\":\"https:\\\/\\\/balanceyourlife.hu\\\/egeszsegfelmero-teszt\\\/\",\"name\":\"Eg\u00e9szs\u00e9gfelm\u00e9r\u0151 teszt - Balance Your Life\",\"isPartOf\":{\"@id\":\"https:\\\/\\\/balanceyourlife.hu\\\/#website\"},\"datePublished\":\"2024-11-14T11:37:35+00:00\",\"dateModified\":\"2025-01-14T11:42:47+00:00\",\"breadcrumb\":{\"@id\":\"https:\\\/\\\/balanceyourlife.hu\\\/egeszsegfelmero-teszt\\\/#breadcrumb\"},\"inLanguage\":\"de\",\"potentialAction\":[{\"@type\":\"ReadAction\",\"target\":[\"https:\\\/\\\/balanceyourlife.hu\\\/egeszsegfelmero-teszt\\\/\"]}]},{\"@type\":\"BreadcrumbList\",\"@id\":\"https:\\\/\\\/balanceyourlife.hu\\\/egeszsegfelmero-teszt\\\/#breadcrumb\",\"itemListElement\":[{\"@type\":\"ListItem\",\"position\":1,\"name\":\"Kezd\u0151lap\",\"item\":\"https:\\\/\\\/balanceyourlife.hu\\\/\"},{\"@type\":\"ListItem\",\"position\":2,\"name\":\"Eg\u00e9szs\u00e9gfelm\u00e9r\u0151 teszt\"}]},{\"@type\":\"WebSite\",\"@id\":\"https:\\\/\\\/balanceyourlife.hu\\\/#website\",\"url\":\"https:\\\/\\\/balanceyourlife.hu\\\/\",\"name\":\"Balance Your Life\",\"description\":\"Sud\u00e1r Beatrix - \u00c9letm\u00f3d manager\",\"potentialAction\":[{\"@type\":\"SearchAction\",\"target\":{\"@type\":\"EntryPoint\",\"urlTemplate\":\"https:\\\/\\\/balanceyourlife.hu\\\/?s={search_term_string}\"},\"query-input\":{\"@type\":\"PropertyValueSpecification\",\"valueRequired\":true,\"valueName\":\"search_term_string\"}}],\"inLanguage\":\"de\"}]}<\/script>\n<!-- \/ Yoast SEO Premium plugin. -->","yoast_head_json":{"title":"Eg\u00e9szs\u00e9gfelm\u00e9r\u0151 teszt - Balance Your Life","robots":{"index":"index","follow":"follow","max-snippet":"max-snippet:-1","max-image-preview":"max-image-preview:large","max-video-preview":"max-video-preview:-1"},"canonical":"https:\/\/balanceyourlife.hu\/de\/egeszsegfelmero-teszt\/","og_locale":"de_DE","og_type":"article","og_title":"Eg\u00e9szs\u00e9gfelm\u00e9r\u0151 teszt","og_url":"https:\/\/balanceyourlife.hu\/de\/egeszsegfelmero-teszt\/","og_site_name":"Balance Your Life","article_modified_time":"2025-01-14T11:42:47+00:00","twitter_card":"summary_large_image","schema":{"@context":"https:\/\/schema.org","@graph":[{"@type":"WebPage","@id":"https:\/\/balanceyourlife.hu\/egeszsegfelmero-teszt\/","url":"https:\/\/balanceyourlife.hu\/egeszsegfelmero-teszt\/","name":"Eg\u00e9szs\u00e9gfelm\u00e9r\u0151 teszt - Balance Your Life","isPartOf":{"@id":"https:\/\/balanceyourlife.hu\/#website"},"datePublished":"2024-11-14T11:37:35+00:00","dateModified":"2025-01-14T11:42:47+00:00","breadcrumb":{"@id":"https:\/\/balanceyourlife.hu\/egeszsegfelmero-teszt\/#breadcrumb"},"inLanguage":"de","potentialAction":[{"@type":"ReadAction","target":["https:\/\/balanceyourlife.hu\/egeszsegfelmero-teszt\/"]}]},{"@type":"BreadcrumbList","@id":"https:\/\/balanceyourlife.hu\/egeszsegfelmero-teszt\/#breadcrumb","itemListElement":[{"@type":"ListItem","position":1,"name":"Kezd\u0151lap","item":"https:\/\/balanceyourlife.hu\/"},{"@type":"ListItem","position":2,"name":"Eg\u00e9szs\u00e9gfelm\u00e9r\u0151 teszt"}]},{"@type":"WebSite","@id":"https:\/\/balanceyourlife.hu\/#website","url":"https:\/\/balanceyourlife.hu\/","name":"Ihr Leben im Gleichgewicht","description":"Sud\u00e1r Beatrix - Lebensstil-Managerin","potentialAction":[{"@type":"SearchAction","target":{"@type":"EntryPoint","urlTemplate":"https:\/\/balanceyourlife.hu\/?s={search_term_string}"},"query-input":{"@type":"PropertyValueSpecification","valueRequired":true,"valueName":"search_term_string"}}],"inLanguage":"de"}]}},"_links":{"self":[{"href":"https:\/\/balanceyourlife.hu\/de\/wp-json\/wp\/v2\/pages\/3164","targetHints":{"allow":["GET"]}}],"collection":[{"href":"https:\/\/balanceyourlife.hu\/de\/wp-json\/wp\/v2\/pages"}],"about":[{"href":"https:\/\/balanceyourlife.hu\/de\/wp-json\/wp\/v2\/types\/page"}],"author":[{"embeddable":true,"href":"https:\/\/balanceyourlife.hu\/de\/wp-json\/wp\/v2\/users\/2"}],"replies":[{"embeddable":true,"href":"https:\/\/balanceyourlife.hu\/de\/wp-json\/wp\/v2\/comments?post=3164"}],"version-history":[{"count":5,"href":"https:\/\/balanceyourlife.hu\/de\/wp-json\/wp\/v2\/pages\/3164\/revisions"}],"predecessor-version":[{"id":4014,"href":"https:\/\/balanceyourlife.hu\/de\/wp-json\/wp\/v2\/pages\/3164\/revisions\/4014"}],"wp:attachment":[{"href":"https:\/\/balanceyourlife.hu\/de\/wp-json\/wp\/v2\/media?parent=3164"}],"curies":[{"name":"wp","href":"https:\/\/api.w.org\/{rel}","templated":true}]}}